{"id":1968,"date":"2024-03-18T19:18:58","date_gmt":"2024-03-18T18:18:58","guid":{"rendered":"https:\/\/statensmusikverk.se\/?page_id=1968"},"modified":"2024-10-23T10:17:04","modified_gmt":"2024-10-23T08:17:04","slug":"statens-musikverk","status":"publish","type":"page","link":"https:\/\/statensmusikverk.se\/sm\/","title":{"rendered":"Statens musikverk"},"content":{"rendered":"\n\n<div class=\"w-constrained richtext\"><external-link-icon>\n<h2 class=\"wp-block-heading\">Oassin St\u00e1hta musihkkadoaimmahagas \/ Statens musikverk<\/h2>\n<\/external-link-icon><\/div>\n\n<div class=\"w-constrained richtext\"><external-link-icon>\n<p>Musihkkadoaimmahat f\u00e1tmmasta vihtta doaimma. D\u00e1s vuollelis s\u00e1ht\u00e1t lohkat eanet doaibmasaji bargguid ja ie\u0161gu\u0111etge ovddasv\u00e1st\u00e1dussurggiid birra.<\/p>\n<\/external-link-icon><\/div>\n\n<div class=\"grid gap-7 w-constrained-xl mx-auto my-10 md:my-20  lg:grid-cols-3 sm:grid-cols-2 grid-cols-1 \">\n\t  <div class=\"group mb-4 md:mb-0 \">\n <clickable-area>\n <div class=\"w-full  md:h-[21.25rem] h-[15.563rem] overflow-hidden\">\n <img decoding=\"async\" src=\"https:\/\/statensmusikverk.se\/wp-content\/uploads\/2024\/04\/caprice-music-logotyp-puffbild.png\"\n alt=\"Caprice Music logotyp\"\n class=\"w-full object-cover  md:h-[21.25rem] h-[15.563rem] \">\n <\/div>\n <div class=\"pt-2\">\n <h2 class=\"mb-2  decoration-2 font-heading-font font-weight-heading text-large-display-text leading-large-display-text\">\n  Caprice Music\n  <\/h2>\n  <p class=\"mb-1 font-light font-text-font text-medium-display-text leading-medium-display-text\"\n >Caprise Music almmuha d&aacute;iddala&scaron; miellagiddeva&scaron; musihka mii \u010datnasa kultur&aacute;rb&aacute;i, nammalassi klassihkala&scaron; ja d&aacute;l&aacute;&aacute;iggi musihkkii, elektronakusttala&scaron; musihkkii, jassa ja &aacute;lbmot- ja m&aacute;ilmmimusihkkii.<\/p>\n  <\/div>\n <\/clickable-area>\n <\/div>\n  <div class=\"group mb-4 md:mb-0 \">\n <clickable-area>\n <div class=\"w-full  md:h-[21.25rem] h-[15.563rem] overflow-hidden\">\n <img decoding=\"async\" src=\"https:\/\/statensmusikverk.se\/wp-content\/uploads\/2024\/04\/EMS-logotyp-puffbild.png\"\n alt=\"Elektronmusikstudion EMS logotyp\"\n class=\"w-full object-cover  md:h-[21.25rem] h-[15.563rem] \">\n <\/div>\n <div class=\"pt-2\">\n <h2 class=\"mb-2  decoration-2 font-heading-font font-weight-heading text-large-display-text leading-large-display-text\">\n  Elektronmusikstudion EMS\n  <\/h2>\n  <\/div>\n <\/clickable-area>\n <\/div>\n  <div class=\"group mb-4 md:mb-0 \">\n <clickable-area>\n <div class=\"w-full  md:h-[21.25rem] h-[15.563rem] overflow-hidden\">\n <img decoding=\"async\" src=\"https:\/\/statensmusikverk.se\/wp-content\/uploads\/2024\/04\/musik-och-teaterbiblioteket-logotyp-puffbild.png\"\n alt=\"Musik- och teaterbiblioteket logotyp\"\n class=\"w-full object-cover  md:h-[21.25rem] h-[15.563rem] \">\n <\/div>\n <div class=\"pt-2\">\n <h2 class=\"mb-2  decoration-2 font-heading-font font-weight-heading text-large-display-text leading-large-display-text\">\n  Musik- och teaterbiblioteket \/ Musihkka- ja te&aacute;htergirjer&aacute;jus\n  <\/h2>\n  <p class=\"mb-1 font-light font-text-font text-medium-display-text leading-medium-display-text\"\n >Musik- och teaterbiblioteket lea olles Ruo\u0167a musihka, te&aacute;htera ja d&aacute;nssa erenom&aacute;&scaron;girjer&aacute;jus. D&aacute;ppe s&aacute;ht&aacute;t digit&aacute;lala\u010d\u010dat vie\u017e\u017eat nuohtaid, girjj&aacute;la&scaron;vuo\u0111a ja erenom&aacute;&scaron; arkiivamateri&aacute;laid 1100-logus ja ovddus.<\/p>\n  <\/div>\n <\/clickable-area>\n <\/div>\n  <div class=\"group mb-4 md:mb-0 \">\n <clickable-area>\n <div class=\"w-full  md:h-[21.25rem] h-[15.563rem] overflow-hidden\">\n <img decoding=\"async\" src=\"https:\/\/statensmusikverk.se\/wp-content\/uploads\/2024\/04\/scenkonstmuseet-logotyp-puffbild.png\"\n alt=\"Scenkonstmuseet logotyp\"\n class=\"w-full object-cover  md:h-[21.25rem] h-[15.563rem] \">\n <\/div>\n <div class=\"pt-2\">\n <h2 class=\"mb-2  decoration-2 font-heading-font font-weight-heading text-large-display-text leading-large-display-text\">\n  Scenkonstmuseet \/ L&aacute;vded&aacute;iddamusea\n  <\/h2>\n  <p class=\"mb-1 font-light font-text-font text-medium-display-text leading-medium-display-text\"\n >Scenkonstmuseet lea musihka, te&aacute;htera ja d&aacute;nssa st&aacute;htala&scaron; musea. D&aacute;ppe beasat lahkonit d&aacute;idaga, deaivvadit olbmuiguin geat h&aacute;bmejit daid ja v&aacute;ldit oasi sin giehtabarggus. Dasa lassin beasat geah\u010d\u010dalit ie&scaron;! Musea stuorra vuork&aacute; lea huksejuvvon eanet go 100 jagis.<\/p>\n  <\/div>\n <\/clickable-area>\n <\/div>\n  <div class=\"group mb-4 md:mb-0 \">\n <clickable-area>\n <div class=\"w-full  md:h-[21.25rem] h-[15.563rem] overflow-hidden\">\n <img decoding=\"async\" src=\"https:\/\/statensmusikverk.se\/wp-content\/uploads\/2024\/04\/svenskt-visarkiv-logotyp-puffbild.png\"\n alt=\"Svenskt visarkiv logotyp\"\n class=\"w-full object-cover  md:h-[21.25rem] h-[15.563rem] \">\n <\/div>\n <div class=\"pt-2\">\n <h2 class=\"mb-2  decoration-2 font-heading-font font-weight-heading text-large-display-text leading-large-display-text\">\n  Svenskt visarkiv \/ Ruo\u0167a l&aacute;vllaarkiiva\n  <\/h2>\n  <p class=\"mb-1 font-light font-text-font text-medium-display-text leading-medium-display-text\"\n >Svenskt visarkiv seailluha, \u010dohkke, dutk&aacute; ja muitala Ruo\u0167a &aacute;lbmotmusihka, l&aacute;vlagiid, boarr&aacute;sit popul&aacute;ramusihka, jassa ja &aacute;lbmotd&aacute;nssa kultur&aacute;rbbi birra. Dutkanarkiiva mii lea rabas juohkeha\u017e\u017eii.<\/p>\n  <\/div>\n <\/clickable-area>\n <\/div>\n \t<\/div>\n\n\n<div class=\"w-constrained richtext\"><external-link-icon>\n<h2 class=\"wp-block-heading\">St\u00e1hta musihkkadoaimmahat stivrejuvvo n\u00e1<\/h2>\n<\/external-link-icon><\/div>\n\n<div class=\"w-constrained richtext\"><external-link-icon>\n<p>R\u00e1\u0111\u0111ehus nammada v\u00e1ldodirektevrra gii jo\u0111iha musihkkadoaimmahaga. Veahkkin v\u00e1ldodirektevrras leat jo\u0111ihanjoavku ja okta d\u00e1rkkistanr\u00e1\u0111\u0111i.<\/p>\n<\/external-link-icon><\/div>\n\n<div class=\"w-constrained richtext\"><external-link-icon>\n<h2 class=\"wp-block-heading\">D\u00e1rkkistanr\u00e1\u0111\u0111i<\/h2>\n<\/external-link-icon><\/div>\n\n<div class=\"w-constrained richtext\"><external-link-icon>\n<p>D\u00e1rkkistanr\u00e1\u0111i bargu lea veahkkin ovddidit m\u00e1htu ja gelbbola\u0161vuo\u0111a ja addit r\u00e1\u0111i \u00e1sahushovdii. D\u00e1rkkistanr\u00e1\u0111\u0111i galg\u00e1 maid sihkkarastit demokr\u00e1htala\u0161 geah\u010dadeami ja \u00e1lbmotl\u00e1httola\u0161 v\u00e1ikkuheami. R\u00e1\u0111\u0111ehus nammada miellahtuid ja sii deaivvadit d\u00e1b\u00e1la\u010d\u010dat njelljii jahk\u00e1i.\u00a0\u00a0<\/p>\n<\/external-link-icon><\/div>\n\n<div class=\"w-constrained richtext\"><external-link-icon>\n<h2 class=\"wp-block-heading\">Mielahttut<\/h2>\n<\/external-link-icon><\/div>\n\n<div class=\"w-constrained richtext\"><external-link-icon>\n<p><strong>Dragana Kosuffsky Maksimovic<\/strong>, beaivv\u00e1la\u0161 jo\u0111iheaddji Sven-Harry d\u00e1iddamuseas (Sven-Harry konstmuseum)<\/p>\n<\/external-link-icon><\/div>\n\n<div class=\"w-constrained richtext\"><external-link-icon>\n<p><strong>Magnus Larsson<\/strong>, v\u00e1ldodirektevra Ol\u00e1muttola\u0161 mediat \u00e1sahusas (Myndighet f\u00f8r tilg\u00e4nglig medier)<\/p>\n<\/external-link-icon><\/div>\n\n<div class=\"w-constrained richtext\"><external-link-icon>\n<p><strong>Nadja Chatti<\/strong>, musihkkal\u00e1gideaddji ja klubbabuvttadeaddji, Universal Music Puplishing Group<\/p>\n<\/external-link-icon><\/div>\n\n<div class=\"w-constrained richtext\"><external-link-icon>\n<p><strong>Lars Ilshammar<\/strong>, historihkk\u00e1r, IT-dig\u00e1\u0161talli, journalistta, Gonagasla\u0161 girjer\u00e1djosa (Kungliga biblioteket) ovdde\u0161 nubbin jo\u0111iheaddji ja riikagirjer\u00e1jusbargi<\/p>\n<\/external-link-icon><\/div>\n\n<div class=\"w-constrained richtext\"><external-link-icon>\n<h2 class=\"wp-block-heading\">Bagadallon njuolggadusat<\/h2>\n<\/external-link-icon><\/div>\n\n<div class=\"w-constrained richtext\"><external-link-icon>\n<p>Musihkkadoaimmahat lea oassin Kulturdepartemeanttas. \u00c1sahusa oppala\u0161doaimmat ja ovddasv\u00e1st\u00e1dussuorggit leat r\u00e1\u0111\u0111ehus mearriduvvon ja nu goh\u010doduvvon nannojuvvon mearridus (ruo\u0167agillii).<\/p>\n<\/external-link-icon><\/div>\n\n<ul class=\"my-6 w-constrained\">\n\t   <li id=\"804\" class=\"flex mb-4\">\n  <svg xmlns=\"http:\/\/www.w3.org\/2000\/svg\" viewBox=\"0 0 512 512\" class=\"w-6 mr-2\" aria-hidden=\"true\">\n\t<path d=\"M64 480l48 0 0 32-48 0c-35.3 0-64-28.7-64-64L0 64C0 28.7 28.7 0 64 0L220.1 0c12.7 0 24.9 5.1 33.9 14.1L369.9 129.9c9 9 14.1 21.2 14.1 33.9L384 304l-32 0 0-112-112 0c-26.5 0-48-21.5-48-48l0-112L64 32C46.3 32 32 46.3 32 64l0 384c0 17.7 14.3 32 32 32zM351.5 160c-.7-2.8-2.1-5.4-4.2-7.4L231.4 36.7c-2.1-2.1-4.6-3.5-7.4-4.2L224 144c0 8.8 7.2 16 16 16l111.5 0zM176 352l32 0c30.9 0 56 25.1 56 56s-25.1 56-56 56l-16 0 0 32c0 8.8-7.2 16-16 16s-16-7.2-16-16l0-48 0-80c0-8.8 7.2-16 16-16zm32 80c13.3 0 24-10.7 24-24s-10.7-24-24-24l-16 0 0 48 16 0zm96-80l32 0c26.5 0 48 21.5 48 48l0 64c0 26.5-21.5 48-48 48l-32 0c-8.8 0-16-7.2-16-16l0-128c0-8.8 7.2-16 16-16zm32 128c8.8 0 16-7.2 16-16l0-64c0-8.8-7.2-16-16-16l-16 0 0 96 16 0zm80-112c0-8.8 7.2-16 16-16l48 0c8.8 0 16 7.2 16 16s-7.2 16-16 16l-32 0 0 32 32 0c8.8 0 16 7.2 16 16s-7.2 16-16 16l-32 0 0 48c0 8.8-7.2 16-16 16s-16-7.2-16-16l0-64 0-64z\"\/>\n<\/svg>\n  <a href=\"https:\/\/statensmusikverk.se\/wp-content\/uploads\/2024\/04\/Instruktion-Statens-musikverk.pdf\" class=\"underline hover:bg-footer-bg\">Instruktion fr&aring;n regeringen Statens musikverk 2022 (PDF)<\/a>\n <\/li>\n\t<\/ul>\n\n\n<div class=\"w-constrained richtext\"><external-link-icon>\n<h2 class=\"wp-block-heading\">Muddenreive<\/h2>\n<\/external-link-icon><\/div>\n\n<div class=\"w-constrained richtext\"><external-link-icon>\n<p>Juohke jagi loahpas oa\u017e\u017eu Musihkkadoaimmahat muddenreivve r\u00e1\u0111\u0111ehusas, mas earret ear\u00e1 leat mihttu ja boa\u0111usg\u00e1ib\u00e1dusat ja dasa lassin \u00e1sahusa boahtteva\u0161 jagi mero\u0161tus (ruo\u0167agillii).<\/p>\n<\/external-link-icon><\/div>\n\n<ul class=\"my-6 w-constrained\">\n\t   <li id=\"811\" class=\"flex mb-4\">\n  <svg xmlns=\"http:\/\/www.w3.org\/2000\/svg\" viewBox=\"0 0 512 512\" class=\"w-6 mr-2\" aria-hidden=\"true\">\n\t<path d=\"M64 480l48 0 0 32-48 0c-35.3 0-64-28.7-64-64L0 64C0 28.7 28.7 0 64 0L220.1 0c12.7 0 24.9 5.1 33.9 14.1L369.9 129.9c9 9 14.1 21.2 14.1 33.9L384 304l-32 0 0-112-112 0c-26.5 0-48-21.5-48-48l0-112L64 32C46.3 32 32 46.3 32 64l0 384c0 17.7 14.3 32 32 32zM351.5 160c-.7-2.8-2.1-5.4-4.2-7.4L231.4 36.7c-2.1-2.1-4.6-3.5-7.4-4.2L224 144c0 8.8 7.2 16 16 16l111.5 0zM176 352l32 0c30.9 0 56 25.1 56 56s-25.1 56-56 56l-16 0 0 32c0 8.8-7.2 16-16 16s-16-7.2-16-16l0-48 0-80c0-8.8 7.2-16 16-16zm32 80c13.3 0 24-10.7 24-24s-10.7-24-24-24l-16 0 0 48 16 0zm96-80l32 0c26.5 0 48 21.5 48 48l0 64c0 26.5-21.5 48-48 48l-32 0c-8.8 0-16-7.2-16-16l0-128c0-8.8 7.2-16 16-16zm32 128c8.8 0 16-7.2 16-16l0-64c0-8.8-7.2-16-16-16l-16 0 0 96 16 0zm80-112c0-8.8 7.2-16 16-16l48 0c8.8 0 16 7.2 16 16s-7.2 16-16 16l-32 0 0 32 32 0c8.8 0 16 7.2 16 16s-7.2 16-16 16l-32 0 0 48c0 8.8-7.2 16-16 16s-16-7.2-16-16l0-64 0-64z\"\/>\n<\/svg>\n  <a href=\"https:\/\/statensmusikverk.se\/wp-content\/uploads\/2024\/04\/Regleringsbrev-Statens-musikverk-2023.pdf\" class=\"underline hover:bg-footer-bg\">Regleringsbrev Statens musikverk 2023 (PDF)<\/a>\n <\/li>\n\t<\/ul>\n\n\n<div class=\"w-constrained richtext\"><external-link-icon>\n<h2 class=\"wp-block-heading\">Jahkelogahallan<\/h2>\n<\/external-link-icon><\/div>\n\n<div class=\"w-constrained richtext\"><external-link-icon>\n<p>D\u00e1s s\u00e1ht\u00e1t lohkat Musihkkadoaimmahaga ma\u014bimu\u0161 jahkelogahallama birra (ruo\u0167agillii).<\/p>\n<\/external-link-icon><\/div>\n\n<ul class=\"my-6 w-constrained\">\n\t   <li id=\"727\" class=\"flex mb-4\">\n  <svg xmlns=\"http:\/\/www.w3.org\/2000\/svg\" viewBox=\"0 0 512 512\" class=\"w-6 mr-2\" aria-hidden=\"true\">\n\t<path d=\"M64 480l48 0 0 32-48 0c-35.3 0-64-28.7-64-64L0 64C0 28.7 28.7 0 64 0L220.1 0c12.7 0 24.9 5.1 33.9 14.1L369.9 129.9c9 9 14.1 21.2 14.1 33.9L384 304l-32 0 0-112-112 0c-26.5 0-48-21.5-48-48l0-112L64 32C46.3 32 32 46.3 32 64l0 384c0 17.7 14.3 32 32 32zM351.5 160c-.7-2.8-2.1-5.4-4.2-7.4L231.4 36.7c-2.1-2.1-4.6-3.5-7.4-4.2L224 144c0 8.8 7.2 16 16 16l111.5 0zM176 352l32 0c30.9 0 56 25.1 56 56s-25.1 56-56 56l-16 0 0 32c0 8.8-7.2 16-16 16s-16-7.2-16-16l0-48 0-80c0-8.8 7.2-16 16-16zm32 80c13.3 0 24-10.7 24-24s-10.7-24-24-24l-16 0 0 48 16 0zm96-80l32 0c26.5 0 48 21.5 48 48l0 64c0 26.5-21.5 48-48 48l-32 0c-8.8 0-16-7.2-16-16l0-128c0-8.8 7.2-16 16-16zm32 128c8.8 0 16-7.2 16-16l0-64c0-8.8-7.2-16-16-16l-16 0 0 96 16 0zm80-112c0-8.8 7.2-16 16-16l48 0c8.8 0 16 7.2 16 16s-7.2 16-16 16l-32 0 0 32 32 0c8.8 0 16 7.2 16 16s-7.2 16-16 16l-32 0 0 48c0 8.8-7.2 16-16 16s-16-7.2-16-16l0-64 0-64z\"\/>\n<\/svg>\n  <a href=\"https:\/\/statensmusikverk.se\/wp-content\/uploads\/2024\/04\/Statens-musikverk-arsredovisning-2023.pdf\" class=\"underline hover:bg-footer-bg\">Statens musikverk &aring;rsredovisning 2023 (PDF)<\/a>\n <\/li>\n\t<\/ul>\n\n\n<div class=\"w-constrained richtext\"><external-link-icon>\n<h2 class=\"wp-block-heading\">\u010cujuheamiv\u00e1st\u00e1dus<\/h2>\n<\/external-link-icon><\/div>\n\n<div class=\"w-constrained richtext\"><external-link-icon>\n<p><a href=\"https:\/\/statensmusikverk.se\/om-statens-musikverk\/remissvar\/\">D\u00e1s s\u00e1ht\u00e1t oaidnit min \u010dujuheamiv\u00e1st\u00e1dusaid (ruo\u0167agillii).<\/a><\/p>\n<\/external-link-icon><\/div>\n\n<div class=\"w-constrained richtext\"><external-link-icon>\n<h2 class=\"wp-block-heading\">Historjj\u00e1<\/h2>\n<\/external-link-icon><\/div>\n\n<div class=\"w-constrained richtext\"><external-link-icon>\n<p>St\u00e1hta musihkkadoaimmahat \u00e1lggahuvvui jagi 2011. Jagiid 2011-2021 d\u00e1rjjui Musihkkadoaimmahat doarjagiid ruo\u0167a friddja musihkkaeallimii Musihkkal\u00e1vddi bokte. H\u00e1liidat go eanet die\u0111uid musihkkaeallin doarjaga birra v\u00e1ldde oktavuo\u0111a <a href=\"https:\/\/www.kulturradet.se\/\">Kulturr\u00e1\u0111iin<\/a>.<\/p>\n<\/external-link-icon><\/div>","protected":false},"excerpt":{"rendered":"<p>Oassin St\u00e1hta musihkkadoaimmahagas \/ Statens musikverk Musihkkadoaimmahat f\u00e1tmmasta vihtta doaimma. D\u00e1s vuollelis s\u00e1ht\u00e1t lohkat eanet doaibmasaji bargguid ja ie\u0161gu\u0111etge ovddasv\u00e1st\u00e1dussurggiid birra. St\u00e1hta musihkkadoaimmahat stivrejuvvo n\u00e1 R\u00e1\u0111\u0111ehus nammada v\u00e1ldodirektevrra gii jo\u0111iha musihkkadoaimmahaga. Veahkkin v\u00e1ldodirektevrras leat jo\u0111ihanjoavku ja okta d\u00e1rkkistanr\u00e1\u0111\u0111i. D\u00e1rkkistanr\u00e1\u0111\u0111i D\u00e1rkkistanr\u00e1\u0111i bargu lea veahkkin ovddidit m\u00e1htu ja gelbbola\u0161vuo\u0111a ja addit r\u00e1\u0111i \u00e1sahushovdii. D\u00e1rkkistanr\u00e1\u0111\u0111i galg\u00e1 maid sihkkarastit [&hellip;]<\/p>\n","protected":false},"author":2,"featured_media":0,"parent":0,"menu_order":-100,"comment_status":"closed","ping_status":"closed","template":"","meta":{"_acf_changed":false,"footnotes":""},"class_list":["post-1968","page","type-page","status-publish","hentry"],"acf":[],"yoast_head":"<!-- This site is optimized with the Yoast SEO plugin v25.8 - https:\/\/yoast.com\/wordpress\/plugins\/seo\/ -->\n<title>Statens musikverk - Statens Musikverk<\/title>\n<meta name=\"robots\" content=\"index, follow, max-snippet:-1, max-image-preview:large, max-video-preview:-1\" \/>\n<link rel=\"canonical\" href=\"https:\/\/statensmusikverk.se\/\" \/>\n<meta property=\"og:locale\" content=\"en_US\" \/>\n<meta property=\"og:type\" content=\"article\" \/>\n<meta property=\"og:title\" content=\"Statens musikverk - Statens Musikverk\" \/>\n<meta property=\"og:description\" content=\"Oassin St\u00e1hta musihkkadoaimmahagas \/ Statens musikverk Musihkkadoaimmahat f\u00e1tmmasta vihtta doaimma. D\u00e1s vuollelis s\u00e1ht\u00e1t lohkat eanet doaibmasaji bargguid ja ie\u0161gu\u0111etge ovddasv\u00e1st\u00e1dussurggiid birra. St\u00e1hta musihkkadoaimmahat stivrejuvvo n\u00e1 R\u00e1\u0111\u0111ehus nammada v\u00e1ldodirektevrra gii jo\u0111iha musihkkadoaimmahaga. Veahkkin v\u00e1ldodirektevrras leat jo\u0111ihanjoavku ja okta d\u00e1rkkistanr\u00e1\u0111\u0111i. D\u00e1rkkistanr\u00e1\u0111\u0111i D\u00e1rkkistanr\u00e1\u0111i bargu lea veahkkin ovddidit m\u00e1htu ja gelbbola\u0161vuo\u0111a ja addit r\u00e1\u0111i \u00e1sahushovdii. D\u00e1rkkistanr\u00e1\u0111\u0111i galg\u00e1 maid sihkkarastit [&hellip;]\" \/>\n<meta property=\"og:url\" content=\"https:\/\/statensmusikverk.se\/\" \/>\n<meta property=\"og:site_name\" content=\"Statens Musikverk\" \/>\n<meta property=\"article:modified_time\" content=\"2024-10-23T08:17:04+00:00\" \/>\n<meta name=\"twitter:card\" content=\"summary_large_image\" \/>\n<meta name=\"twitter:label1\" content=\"Est. reading time\" \/>\n\t<meta name=\"twitter:data1\" content=\"1 minute\" \/>\n<script type=\"application\/ld+json\" class=\"yoast-schema-graph\">{\"@context\":\"https:\/\/schema.org\",\"@graph\":[{\"@type\":\"WebPage\",\"@id\":\"https:\/\/statensmusikverk.se\/\",\"url\":\"https:\/\/statensmusikverk.se\/\",\"name\":\"Statens musikverk - Statens Musikverk\",\"isPartOf\":{\"@id\":\"https:\/\/statensmusikverk.se\/#website\"},\"datePublished\":\"2024-03-18T18:18:58+00:00\",\"dateModified\":\"2024-10-23T08:17:04+00:00\",\"breadcrumb\":{\"@id\":\"https:\/\/statensmusikverk.se\/#breadcrumb\"},\"inLanguage\":\"sm\",\"potentialAction\":[{\"@type\":\"ReadAction\",\"target\":[\"https:\/\/statensmusikverk.se\/\"]}]},{\"@type\":\"BreadcrumbList\",\"@id\":\"https:\/\/statensmusikverk.se\/#breadcrumb\",\"itemListElement\":[{\"@type\":\"ListItem\",\"position\":1,\"name\":\"Home\",\"item\":\"https:\/\/statensmusikverk.se\/\"},{\"@type\":\"ListItem\",\"position\":2,\"name\":\"Statens musikverk\"}]},{\"@type\":\"WebSite\",\"@id\":\"https:\/\/statensmusikverk.se\/#website\",\"url\":\"https:\/\/statensmusikverk.se\/\",\"name\":\"Statens Musikverk\",\"description\":\"\",\"potentialAction\":[{\"@type\":\"SearchAction\",\"target\":{\"@type\":\"EntryPoint\",\"urlTemplate\":\"https:\/\/statensmusikverk.se\/?s={search_term_string}\"},\"query-input\":{\"@type\":\"PropertyValueSpecification\",\"valueRequired\":true,\"valueName\":\"search_term_string\"}}],\"inLanguage\":\"sm\"}]}<\/script>\n<!-- \/ Yoast SEO plugin. -->","yoast_head_json":{"title":"Statens musikverk - Statens Musikverk","robots":{"index":"index","follow":"follow","max-snippet":"max-snippet:-1","max-image-preview":"max-image-preview:large","max-video-preview":"max-video-preview:-1"},"canonical":"https:\/\/statensmusikverk.se\/","og_locale":"en_US","og_type":"article","og_title":"Statens musikverk - Statens Musikverk","og_description":"Oassin St\u00e1hta musihkkadoaimmahagas \/ Statens musikverk Musihkkadoaimmahat f\u00e1tmmasta vihtta doaimma. D\u00e1s vuollelis s\u00e1ht\u00e1t lohkat eanet doaibmasaji bargguid ja ie\u0161gu\u0111etge ovddasv\u00e1st\u00e1dussurggiid birra. St\u00e1hta musihkkadoaimmahat stivrejuvvo n\u00e1 R\u00e1\u0111\u0111ehus nammada v\u00e1ldodirektevrra gii jo\u0111iha musihkkadoaimmahaga. Veahkkin v\u00e1ldodirektevrras leat jo\u0111ihanjoavku ja okta d\u00e1rkkistanr\u00e1\u0111\u0111i. D\u00e1rkkistanr\u00e1\u0111\u0111i D\u00e1rkkistanr\u00e1\u0111i bargu lea veahkkin ovddidit m\u00e1htu ja gelbbola\u0161vuo\u0111a ja addit r\u00e1\u0111i \u00e1sahushovdii. D\u00e1rkkistanr\u00e1\u0111\u0111i galg\u00e1 maid sihkkarastit [&hellip;]","og_url":"https:\/\/statensmusikverk.se\/","og_site_name":"Statens Musikverk","article_modified_time":"2024-10-23T08:17:04+00:00","twitter_card":"summary_large_image","twitter_misc":{"Est. reading time":"1 minute"},"schema":{"@context":"https:\/\/schema.org","@graph":[{"@type":"WebPage","@id":"https:\/\/statensmusikverk.se\/","url":"https:\/\/statensmusikverk.se\/","name":"Statens musikverk - Statens Musikverk","isPartOf":{"@id":"https:\/\/statensmusikverk.se\/#website"},"datePublished":"2024-03-18T18:18:58+00:00","dateModified":"2024-10-23T08:17:04+00:00","breadcrumb":{"@id":"https:\/\/statensmusikverk.se\/#breadcrumb"},"inLanguage":"sm","potentialAction":[{"@type":"ReadAction","target":["https:\/\/statensmusikverk.se\/"]}]},{"@type":"BreadcrumbList","@id":"https:\/\/statensmusikverk.se\/#breadcrumb","itemListElement":[{"@type":"ListItem","position":1,"name":"Home","item":"https:\/\/statensmusikverk.se\/"},{"@type":"ListItem","position":2,"name":"Statens musikverk"}]},{"@type":"WebSite","@id":"https:\/\/statensmusikverk.se\/#website","url":"https:\/\/statensmusikverk.se\/","name":"Statens Musikverk","description":"","potentialAction":[{"@type":"SearchAction","target":{"@type":"EntryPoint","urlTemplate":"https:\/\/statensmusikverk.se\/?s={search_term_string}"},"query-input":{"@type":"PropertyValueSpecification","valueRequired":true,"valueName":"search_term_string"}}],"inLanguage":"sm"}]}},"_links":{"self":[{"href":"https:\/\/statensmusikverk.se\/sm\/wp-json\/wp\/v2\/pages\/1968","targetHints":{"allow":["GET"]}}],"collection":[{"href":"https:\/\/statensmusikverk.se\/sm\/wp-json\/wp\/v2\/pages"}],"about":[{"href":"https:\/\/statensmusikverk.se\/sm\/wp-json\/wp\/v2\/types\/page"}],"author":[{"embeddable":true,"href":"https:\/\/statensmusikverk.se\/sm\/wp-json\/wp\/v2\/users\/2"}],"replies":[{"embeddable":true,"href":"https:\/\/statensmusikverk.se\/sm\/wp-json\/wp\/v2\/comments?post=1968"}],"version-history":[{"count":1,"href":"https:\/\/statensmusikverk.se\/sm\/wp-json\/wp\/v2\/pages\/1968\/revisions"}],"predecessor-version":[{"id":1969,"href":"https:\/\/statensmusikverk.se\/sm\/wp-json\/wp\/v2\/pages\/1968\/revisions\/1969"}],"wp:attachment":[{"href":"https:\/\/statensmusikverk.se\/sm\/wp-json\/wp\/v2\/media?parent=1968"}],"curies":[{"name":"wp","href":"https:\/\/api.w.org\/{rel}","templated":true}]}}