{"id":1966,"date":"2024-03-18T19:18:58","date_gmt":"2024-03-18T18:18:58","guid":{"rendered":"https:\/\/statensmusikverk.se\/?page_id=1966"},"modified":"2024-10-23T10:06:04","modified_gmt":"2024-10-23T08:06:04","slug":"statens-musikverk","status":"publish","type":"page","link":"https:\/\/statensmusikverk.se\/rom\/","title":{"rendered":"Statens musikverk"},"content":{"rendered":"\n\n<div class=\"w-constrained richtext\"><external-link-icon>\n<h2 class=\"wp-block-heading\">Inkludirimo ko Statens musikverk<\/h2>\n<\/external-link-icon><\/div>\n\n<div class=\"w-constrained richtext\"><external-link-icon>\n<p>Ko Musikverket tane inkludirime 5 sekcije. Akate telje \u0161aj te \u010ditine pobuter informacia savi buti sa o sekcije \u010derena.<\/p>\n<\/external-link-icon><\/div>\n\n<div class=\"grid gap-7 w-constrained-xl mx-auto my-10 md:my-20  lg:grid-cols-3 sm:grid-cols-2 grid-cols-1 \">\n\t  <div class=\"group mb-4 md:mb-0 \">\n <clickable-area>\n <div class=\"w-full  md:h-[21.25rem] h-[15.563rem] overflow-hidden\">\n <img decoding=\"async\" src=\"https:\/\/statensmusikverk.se\/wp-content\/uploads\/2024\/04\/caprice-music-logotyp-puffbild.png\"\n alt=\"Caprice Music logotyp\"\n class=\"w-full object-cover  md:h-[21.25rem] h-[15.563rem] \">\n <\/div>\n <div class=\"pt-2\">\n <h2 class=\"mb-2  decoration-2 font-heading-font font-weight-heading text-large-display-text leading-large-display-text\">\n  Caprice Music\n  <\/h2>\n  <p class=\"mb-1 font-light font-text-font text-medium-display-text leading-medium-display-text\"\n >O Caprice Music publicirini umetni\u010dko interesantno muzika kaj i konekcia tani kultura, klasi\u010dno hem momentalno muzika, elektroakusti\u010dno muzika, jazz hem folk- hem aver muzika so isi ko celo sveto.<\/p>\n  <\/div>\n <\/clickable-area>\n <\/div>\n  <div class=\"group mb-4 md:mb-0 \">\n <clickable-area>\n <div class=\"w-full  md:h-[21.25rem] h-[15.563rem] overflow-hidden\">\n <img decoding=\"async\" src=\"https:\/\/statensmusikverk.se\/wp-content\/uploads\/2024\/04\/EMS-logotyp-puffbild.png\"\n alt=\"Elektronmusikstudion EMS logotyp\"\n class=\"w-full object-cover  md:h-[21.25rem] h-[15.563rem] \">\n <\/div>\n <div class=\"pt-2\">\n <h2 class=\"mb-2  decoration-2 font-heading-font font-weight-heading text-large-display-text leading-large-display-text\">\n  Elektronmusikstudion EMS\n  <\/h2>\n  <p class=\"mb-1 font-light font-text-font text-medium-display-text leading-medium-display-text\"\n >Elektronmusikstudion tano jekh nacionalno centar ba&scaron; i elektroakusti\u010dno muzika hem umetni\u010dko zvuko. O EMS nudini tumen\u0111e o studio hem kursija ba&scaron; o sa o artistija kotar &Scaron;vedska hem avera phuvja.<\/p>\n  <\/div>\n <\/clickable-area>\n <\/div>\n  <div class=\"group mb-4 md:mb-0 \">\n <clickable-area>\n <div class=\"w-full  md:h-[21.25rem] h-[15.563rem] overflow-hidden\">\n <img decoding=\"async\" src=\"https:\/\/statensmusikverk.se\/wp-content\/uploads\/2024\/04\/musik-och-teaterbiblioteket-logotyp-puffbild.png\"\n alt=\"Musik- och teaterbiblioteket logotyp\"\n class=\"w-full object-cover  md:h-[21.25rem] h-[15.563rem] \">\n <\/div>\n <div class=\"pt-2\">\n <h2 class=\"mb-2  decoration-2 font-heading-font font-weight-heading text-large-display-text leading-large-display-text\">\n  Musik- och teaterbiblioteket\n  <\/h2>\n  <p class=\"mb-1 font-light font-text-font text-medium-display-text leading-medium-display-text\"\n >Muzika- hem teaterbiblioteka tani e &Scaron;vedskakiri specialno biblioteka ba&scaron; i muzika, teater hem dans. Akate isi note, literatura hem aver unikatno arhivsko materiali so &scaron;aj te huljave kotar o ber&scaron; &nbsp;1100, pa poanglal.<\/p>\n  <\/div>\n <\/clickable-area>\n <\/div>\n  <div class=\"group mb-4 md:mb-0 \">\n <clickable-area>\n <div class=\"w-full  md:h-[21.25rem] h-[15.563rem] overflow-hidden\">\n <img decoding=\"async\" src=\"https:\/\/statensmusikverk.se\/wp-content\/uploads\/2024\/04\/scenkonstmuseet-logotyp-puffbild.png\"\n alt=\"Scenkonstmuseet logotyp\"\n class=\"w-full object-cover  md:h-[21.25rem] h-[15.563rem] \">\n <\/div>\n <div class=\"pt-2\">\n <h2 class=\"mb-2  decoration-2 font-heading-font font-weight-heading text-large-display-text leading-large-display-text\">\n  Scenkonstmuseet\n  <\/h2>\n  <p class=\"mb-1 font-light font-text-font text-medium-display-text leading-medium-display-text\"\n >Scenkonst museum tano jekh dr\u017eavno museum ba&scaron; i muzika, teater hem dans. Akate &scaron;aj te ave pa&scaron;e zalji umetnost hem te rese e manu&scaron;en so \u010der\u0111e odija umetnost. Ako mangeja, &scaron;aj te probine hem kokri! I kolekcia ko museum \u010dedin\u0111a pe prekalo 100 ber&scaron;.<\/p>\n  <\/div>\n <\/clickable-area>\n <\/div>\n  <div class=\"group mb-4 md:mb-0 \">\n <clickable-area>\n <div class=\"w-full  md:h-[21.25rem] h-[15.563rem] overflow-hidden\">\n <img decoding=\"async\" src=\"https:\/\/statensmusikverk.se\/wp-content\/uploads\/2024\/04\/svenskt-visarkiv-logotyp-puffbild.png\"\n alt=\"Svenskt visarkiv logotyp\"\n class=\"w-full object-cover  md:h-[21.25rem] h-[15.563rem] \">\n <\/div>\n <div class=\"pt-2\">\n <h2 class=\"mb-2  decoration-2 font-heading-font font-weight-heading text-large-display-text leading-large-display-text\">\n  Svenskt visarkiv\n  <\/h2>\n  <p class=\"mb-1 font-light font-text-font text-medium-display-text leading-medium-display-text\"\n >O Svenskt visarkiv \u010dedela, arakhi, rodela hem va\u010deri kotar i folk muzika, \u0111ilja, purani  popularno muzika, jazz hem folk dans ki &Scaron;vedska. Akija arhiva tani phravdi sarinen\u0111e.<\/p>\n  <\/div>\n <\/clickable-area>\n <\/div>\n \t<\/div>\n\n\n<div class=\"w-constrained richtext\"><external-link-icon>\n<h2 class=\"wp-block-heading\">A\u0111ahare \u010derela buti o Statens musikverk<\/h2>\n<\/external-link-icon><\/div>\n\n<div class=\"w-constrained richtext\"><external-link-icon>\n<p>Ko Musikverket tano glavno o generalno direktori kova birini i vlada. Olje pomo\u017einena o upravno odbor hem o savet.<\/p>\n<\/external-link-icon><\/div>\n\n<div class=\"w-constrained richtext\"><external-link-icon>\n<h3 class=\"wp-block-heading\">Savet<\/h3>\n<\/external-link-icon><\/div>\n\n<div class=\"w-constrained richtext\"><external-link-icon>\n<p>I glavno buti ko savet tano te pomo\u017einen e \u0111andipaja hem prekalji pi kompetencia so isi oljen. O savet ka ovel olje demokratsko perspektiva hem manu\u0161ikani perspektiva. O reprezentantija tane birime kotar i vlada hem resena pe 4 putija ko ber\u0161.<\/p>\n<\/external-link-icon><\/div>\n\n<div class=\"w-constrained richtext\"><external-link-icon>\n<h3 class=\"wp-block-heading\">Reprezentantija<\/h3>\n<\/external-link-icon><\/div>\n\n<div class=\"w-constrained richtext\"><external-link-icon>\n<p><strong>Dragana Kusoffsky Maksimovic<\/strong>, administrativno direktori Sven-Harrys konstmuseum<\/p>\n<\/external-link-icon><\/div>\n\n<div class=\"w-constrained richtext\"><external-link-icon>\n<p><strong>Magnus Larsson<\/strong>, generalno direktori Myndigheten f\u00f6r tillg\u00e4ngliga medier<\/p>\n<\/external-link-icon><\/div>\n\n<div class=\"w-constrained richtext\"><external-link-icon>\n<p><strong>Nadja Chatti<\/strong>, muzi\u010dko publicista hem producenti, Universal Music Publishing Group<\/p>\n<\/external-link-icon><\/div>\n\n<div class=\"w-constrained richtext\"><external-link-icon>\n<p><strong>Lars Ilshammar<\/strong>, histori\u010dari, IT-debatori, \u017eurnalist, angljeder \u010der\u0111a buti ki Kungliga biblioteket<\/p>\n<\/external-link-icon><\/div>\n\n<div class=\"w-constrained richtext\"><external-link-icon>\n<h2 class=\"wp-block-heading\">Pravilo hem instrukcije<\/h2>\n<\/external-link-icon><\/div>\n\n<div class=\"w-constrained richtext\"><external-link-icon>\n<p>O Musikverket tano jekh delo kotar Kulturakoro departementi. E instituciakiri totalno buti tani pisimi ko pravilo hem instrukcije so avela direktno kotar vlada (ki \u0160vedsko \u010dhib).<\/p>\n<\/external-link-icon><\/div>\n\n<ul class=\"my-6 w-constrained\">\n\t   <li id=\"803\" class=\"flex mb-4\">\n  <svg xmlns=\"http:\/\/www.w3.org\/2000\/svg\" viewBox=\"0 0 512 512\" class=\"w-6 mr-2\" aria-hidden=\"true\">\n\t<path d=\"M64 480l48 0 0 32-48 0c-35.3 0-64-28.7-64-64L0 64C0 28.7 28.7 0 64 0L220.1 0c12.7 0 24.9 5.1 33.9 14.1L369.9 129.9c9 9 14.1 21.2 14.1 33.9L384 304l-32 0 0-112-112 0c-26.5 0-48-21.5-48-48l0-112L64 32C46.3 32 32 46.3 32 64l0 384c0 17.7 14.3 32 32 32zM351.5 160c-.7-2.8-2.1-5.4-4.2-7.4L231.4 36.7c-2.1-2.1-4.6-3.5-7.4-4.2L224 144c0 8.8 7.2 16 16 16l111.5 0zM176 352l32 0c30.9 0 56 25.1 56 56s-25.1 56-56 56l-16 0 0 32c0 8.8-7.2 16-16 16s-16-7.2-16-16l0-48 0-80c0-8.8 7.2-16 16-16zm32 80c13.3 0 24-10.7 24-24s-10.7-24-24-24l-16 0 0 48 16 0zm96-80l32 0c26.5 0 48 21.5 48 48l0 64c0 26.5-21.5 48-48 48l-32 0c-8.8 0-16-7.2-16-16l0-128c0-8.8 7.2-16 16-16zm32 128c8.8 0 16-7.2 16-16l0-64c0-8.8-7.2-16-16-16l-16 0 0 96 16 0zm80-112c0-8.8 7.2-16 16-16l48 0c8.8 0 16 7.2 16 16s-7.2 16-16 16l-32 0 0 32 32 0c8.8 0 16 7.2 16 16s-7.2 16-16 16l-32 0 0 48c0 8.8-7.2 16-16 16s-16-7.2-16-16l0-64 0-64z\"\/>\n<\/svg>\n  <a href=\"https:\/\/statensmusikverk.se\/wp-content\/uploads\/2024\/04\/Instruktion-Statens-musikverk.pdf\" class=\"underline hover:bg-footer-bg\">Instruktion fr&aring;n regeringen Statens musikverk 2022 (PDF)<\/a>\n <\/li>\n\t<\/ul>\n\n\n<div class=\"w-constrained richtext\"><external-link-icon>\n<h2 class=\"wp-block-heading\">Kontrolno ljil<\/h2>\n<\/external-link-icon><\/div>\n\n<div class=\"w-constrained richtext\"><external-link-icon>\n<p>Ko krajo kotar svako ber\u0161 o Musikverket dobini jekh kontrolno ljil kotar i vlada ki \u0160vedska kaj so pisini o cilji hem o rezultati celone ber\u0161ese (ki \u0160vedsko \u010dhib).<\/p>\n<\/external-link-icon><\/div>\n\n<ul class=\"my-6 w-constrained\">\n\t   <li id=\"810\" class=\"flex mb-4\">\n  <svg xmlns=\"http:\/\/www.w3.org\/2000\/svg\" viewBox=\"0 0 512 512\" class=\"w-6 mr-2\" aria-hidden=\"true\">\n\t<path d=\"M64 480l48 0 0 32-48 0c-35.3 0-64-28.7-64-64L0 64C0 28.7 28.7 0 64 0L220.1 0c12.7 0 24.9 5.1 33.9 14.1L369.9 129.9c9 9 14.1 21.2 14.1 33.9L384 304l-32 0 0-112-112 0c-26.5 0-48-21.5-48-48l0-112L64 32C46.3 32 32 46.3 32 64l0 384c0 17.7 14.3 32 32 32zM351.5 160c-.7-2.8-2.1-5.4-4.2-7.4L231.4 36.7c-2.1-2.1-4.6-3.5-7.4-4.2L224 144c0 8.8 7.2 16 16 16l111.5 0zM176 352l32 0c30.9 0 56 25.1 56 56s-25.1 56-56 56l-16 0 0 32c0 8.8-7.2 16-16 16s-16-7.2-16-16l0-48 0-80c0-8.8 7.2-16 16-16zm32 80c13.3 0 24-10.7 24-24s-10.7-24-24-24l-16 0 0 48 16 0zm96-80l32 0c26.5 0 48 21.5 48 48l0 64c0 26.5-21.5 48-48 48l-32 0c-8.8 0-16-7.2-16-16l0-128c0-8.8 7.2-16 16-16zm32 128c8.8 0 16-7.2 16-16l0-64c0-8.8-7.2-16-16-16l-16 0 0 96 16 0zm80-112c0-8.8 7.2-16 16-16l48 0c8.8 0 16 7.2 16 16s-7.2 16-16 16l-32 0 0 32 32 0c8.8 0 16 7.2 16 16s-7.2 16-16 16l-32 0 0 48c0 8.8-7.2 16-16 16s-16-7.2-16-16l0-64 0-64z\"\/>\n<\/svg>\n  <a href=\"https:\/\/statensmusikverk.se\/wp-content\/uploads\/2024\/04\/Regleringsbrev-Statens-musikverk-2023.pdf\" class=\"underline hover:bg-footer-bg\">Regleringsbrev Statens musikverk 2023 (PDF)<\/a>\n <\/li>\n\t<\/ul>\n\n\n<div class=\"w-constrained richtext\"><external-link-icon>\n<h2 class=\"wp-block-heading\">Ber\u0161esiri specifikacia<\/h2>\n<\/external-link-icon><\/div>\n\n<div class=\"w-constrained richtext\"><external-link-icon>\n<p>Akate \u0161aj te \u010ditine pobuter kotar i specifikacia ko Musikverket (ki \u0160vedsko \u010dhib).<\/p>\n<\/external-link-icon><\/div>\n\n<ul class=\"my-6 w-constrained\">\n\t   <li id=\"726\" class=\"flex mb-4\">\n  <svg xmlns=\"http:\/\/www.w3.org\/2000\/svg\" viewBox=\"0 0 512 512\" class=\"w-6 mr-2\" aria-hidden=\"true\">\n\t<path d=\"M64 480l48 0 0 32-48 0c-35.3 0-64-28.7-64-64L0 64C0 28.7 28.7 0 64 0L220.1 0c12.7 0 24.9 5.1 33.9 14.1L369.9 129.9c9 9 14.1 21.2 14.1 33.9L384 304l-32 0 0-112-112 0c-26.5 0-48-21.5-48-48l0-112L64 32C46.3 32 32 46.3 32 64l0 384c0 17.7 14.3 32 32 32zM351.5 160c-.7-2.8-2.1-5.4-4.2-7.4L231.4 36.7c-2.1-2.1-4.6-3.5-7.4-4.2L224 144c0 8.8 7.2 16 16 16l111.5 0zM176 352l32 0c30.9 0 56 25.1 56 56s-25.1 56-56 56l-16 0 0 32c0 8.8-7.2 16-16 16s-16-7.2-16-16l0-48 0-80c0-8.8 7.2-16 16-16zm32 80c13.3 0 24-10.7 24-24s-10.7-24-24-24l-16 0 0 48 16 0zm96-80l32 0c26.5 0 48 21.5 48 48l0 64c0 26.5-21.5 48-48 48l-32 0c-8.8 0-16-7.2-16-16l0-128c0-8.8 7.2-16 16-16zm32 128c8.8 0 16-7.2 16-16l0-64c0-8.8-7.2-16-16-16l-16 0 0 96 16 0zm80-112c0-8.8 7.2-16 16-16l48 0c8.8 0 16 7.2 16 16s-7.2 16-16 16l-32 0 0 32 32 0c8.8 0 16 7.2 16 16s-7.2 16-16 16l-32 0 0 48c0 8.8-7.2 16-16 16s-16-7.2-16-16l0-64 0-64z\"\/>\n<\/svg>\n  <a href=\"https:\/\/statensmusikverk.se\/wp-content\/uploads\/2024\/04\/Statens-musikverk-arsredovisning-2023.pdf\" class=\"underline hover:bg-footer-bg\">Statens musikverk &aring;rsredovisning 2023 (PDF)<\/a>\n <\/li>\n\t<\/ul>\n\n\n<div class=\"w-constrained richtext\"><external-link-icon>\n<h2 class=\"wp-block-heading\">Remis odgovor<\/h2>\n<\/external-link-icon><\/div>\n\n<div class=\"w-constrained richtext\"><external-link-icon>\n<p><a href=\"https:\/\/statensmusikverk.se\/om-statens-musikverk\/remissvar\/\">Akate \u0161aj te dikhe amaro remis odgovor (ki \u0160vedsko \u010dhib).<\/a><\/p>\n<\/external-link-icon><\/div>\n\n<div class=\"w-constrained richtext\"><external-link-icon>\n<h2 class=\"wp-block-heading\">Historia<\/h2>\n<\/external-link-icon><\/div>\n\n<div class=\"w-constrained richtext\"><external-link-icon>\n<p>Statens musikverk startirin\u0111a e ber\u0161este 2011. Ko ber\u0161a ma\u0161karo 2011\u20132021 o Musikverket din\u0111a pomo\u010d ki \u0160vedsko muzika prekalji i sekcia Musikplattformen. Pobuter informacia kotar pomo\u010d \u0161aj te dikhe ko <a href=\"https:\/\/www.kulturradet.se\/\">Kulturr\u00e5det<\/a>.<\/p>\n<\/external-link-icon><\/div>","protected":false},"excerpt":{"rendered":"<p>Inkludirimo ko Statens musikverk Ko Musikverket tane inkludirime 5 sekcije. Akate telje \u0161aj te \u010ditine pobuter informacia savi buti sa o sekcije \u010derena. A\u0111ahare \u010derela buti o Statens musikverk Ko Musikverket tano glavno o generalno direktori kova birini i vlada. Olje pomo\u017einena o upravno odbor hem o savet. Savet I glavno buti ko savet tano [&hellip;]<\/p>\n","protected":false},"author":2,"featured_media":0,"parent":0,"menu_order":-100,"comment_status":"closed","ping_status":"closed","template":"","meta":{"_acf_changed":false,"footnotes":""},"class_list":["post-1966","page","type-page","status-publish","hentry"],"acf":[],"yoast_head":"<!-- This site is optimized with the Yoast SEO plugin v25.8 - https:\/\/yoast.com\/wordpress\/plugins\/seo\/ -->\n<title>Statens musikverk - Statens Musikverk<\/title>\n<meta name=\"robots\" content=\"index, follow, max-snippet:-1, max-image-preview:large, max-video-preview:-1\" \/>\n<link rel=\"canonical\" href=\"https:\/\/statensmusikverk.se\/\" \/>\n<meta property=\"og:locale\" content=\"ro_RO\" \/>\n<meta property=\"og:type\" content=\"article\" \/>\n<meta property=\"og:title\" content=\"Statens musikverk - Statens Musikverk\" \/>\n<meta property=\"og:description\" content=\"Inkludirimo ko Statens musikverk Ko Musikverket tane inkludirime 5 sekcije. Akate telje \u0161aj te \u010ditine pobuter informacia savi buti sa o sekcije \u010derena. A\u0111ahare \u010derela buti o Statens musikverk Ko Musikverket tano glavno o generalno direktori kova birini i vlada. Olje pomo\u017einena o upravno odbor hem o savet. Savet I glavno buti ko savet tano [&hellip;]\" \/>\n<meta property=\"og:url\" content=\"https:\/\/statensmusikverk.se\/\" \/>\n<meta property=\"og:site_name\" content=\"Statens Musikverk\" \/>\n<meta property=\"article:modified_time\" content=\"2024-10-23T08:06:04+00:00\" \/>\n<meta name=\"twitter:card\" content=\"summary_large_image\" \/>\n<meta name=\"twitter:label1\" content=\"Est. reading time\" \/>\n\t<meta name=\"twitter:data1\" content=\"2 minutes\" \/>\n<script type=\"application\/ld+json\" class=\"yoast-schema-graph\">{\"@context\":\"https:\/\/schema.org\",\"@graph\":[{\"@type\":\"WebPage\",\"@id\":\"https:\/\/statensmusikverk.se\/\",\"url\":\"https:\/\/statensmusikverk.se\/\",\"name\":\"Statens musikverk - Statens Musikverk\",\"isPartOf\":{\"@id\":\"https:\/\/statensmusikverk.se\/#website\"},\"datePublished\":\"2024-03-18T18:18:58+00:00\",\"dateModified\":\"2024-10-23T08:06:04+00:00\",\"breadcrumb\":{\"@id\":\"https:\/\/statensmusikverk.se\/#breadcrumb\"},\"inLanguage\":\"rom\",\"potentialAction\":[{\"@type\":\"ReadAction\",\"target\":[\"https:\/\/statensmusikverk.se\/\"]}]},{\"@type\":\"BreadcrumbList\",\"@id\":\"https:\/\/statensmusikverk.se\/#breadcrumb\",\"itemListElement\":[{\"@type\":\"ListItem\",\"position\":1,\"name\":\"Home\",\"item\":\"https:\/\/statensmusikverk.se\/\"},{\"@type\":\"ListItem\",\"position\":2,\"name\":\"Statens musikverk\"}]},{\"@type\":\"WebSite\",\"@id\":\"https:\/\/statensmusikverk.se\/#website\",\"url\":\"https:\/\/statensmusikverk.se\/\",\"name\":\"Statens Musikverk\",\"description\":\"\",\"potentialAction\":[{\"@type\":\"SearchAction\",\"target\":{\"@type\":\"EntryPoint\",\"urlTemplate\":\"https:\/\/statensmusikverk.se\/?s={search_term_string}\"},\"query-input\":{\"@type\":\"PropertyValueSpecification\",\"valueRequired\":true,\"valueName\":\"search_term_string\"}}],\"inLanguage\":\"rom\"}]}<\/script>\n<!-- \/ Yoast SEO plugin. -->","yoast_head_json":{"title":"Statens musikverk - Statens Musikverk","robots":{"index":"index","follow":"follow","max-snippet":"max-snippet:-1","max-image-preview":"max-image-preview:large","max-video-preview":"max-video-preview:-1"},"canonical":"https:\/\/statensmusikverk.se\/","og_locale":"ro_RO","og_type":"article","og_title":"Statens musikverk - Statens Musikverk","og_description":"Inkludirimo ko Statens musikverk Ko Musikverket tane inkludirime 5 sekcije. Akate telje \u0161aj te \u010ditine pobuter informacia savi buti sa o sekcije \u010derena. A\u0111ahare \u010derela buti o Statens musikverk Ko Musikverket tano glavno o generalno direktori kova birini i vlada. Olje pomo\u017einena o upravno odbor hem o savet. Savet I glavno buti ko savet tano [&hellip;]","og_url":"https:\/\/statensmusikverk.se\/","og_site_name":"Statens Musikverk","article_modified_time":"2024-10-23T08:06:04+00:00","twitter_card":"summary_large_image","twitter_misc":{"Est. reading time":"2 minutes"},"schema":{"@context":"https:\/\/schema.org","@graph":[{"@type":"WebPage","@id":"https:\/\/statensmusikverk.se\/","url":"https:\/\/statensmusikverk.se\/","name":"Statens musikverk - Statens Musikverk","isPartOf":{"@id":"https:\/\/statensmusikverk.se\/#website"},"datePublished":"2024-03-18T18:18:58+00:00","dateModified":"2024-10-23T08:06:04+00:00","breadcrumb":{"@id":"https:\/\/statensmusikverk.se\/#breadcrumb"},"inLanguage":"rom","potentialAction":[{"@type":"ReadAction","target":["https:\/\/statensmusikverk.se\/"]}]},{"@type":"BreadcrumbList","@id":"https:\/\/statensmusikverk.se\/#breadcrumb","itemListElement":[{"@type":"ListItem","position":1,"name":"Home","item":"https:\/\/statensmusikverk.se\/"},{"@type":"ListItem","position":2,"name":"Statens musikverk"}]},{"@type":"WebSite","@id":"https:\/\/statensmusikverk.se\/#website","url":"https:\/\/statensmusikverk.se\/","name":"Statens Musikverk","description":"","potentialAction":[{"@type":"SearchAction","target":{"@type":"EntryPoint","urlTemplate":"https:\/\/statensmusikverk.se\/?s={search_term_string}"},"query-input":{"@type":"PropertyValueSpecification","valueRequired":true,"valueName":"search_term_string"}}],"inLanguage":"rom"}]}},"_links":{"self":[{"href":"https:\/\/statensmusikverk.se\/rom\/wp-json\/wp\/v2\/pages\/1966","targetHints":{"allow":["GET"]}}],"collection":[{"href":"https:\/\/statensmusikverk.se\/rom\/wp-json\/wp\/v2\/pages"}],"about":[{"href":"https:\/\/statensmusikverk.se\/rom\/wp-json\/wp\/v2\/types\/page"}],"author":[{"embeddable":true,"href":"https:\/\/statensmusikverk.se\/rom\/wp-json\/wp\/v2\/users\/2"}],"replies":[{"embeddable":true,"href":"https:\/\/statensmusikverk.se\/rom\/wp-json\/wp\/v2\/comments?post=1966"}],"version-history":[{"count":1,"href":"https:\/\/statensmusikverk.se\/rom\/wp-json\/wp\/v2\/pages\/1966\/revisions"}],"predecessor-version":[{"id":1967,"href":"https:\/\/statensmusikverk.se\/rom\/wp-json\/wp\/v2\/pages\/1966\/revisions\/1967"}],"wp:attachment":[{"href":"https:\/\/statensmusikverk.se\/rom\/wp-json\/wp\/v2\/media?parent=1966"}],"curies":[{"name":"wp","href":"https:\/\/api.w.org\/{rel}","templated":true}]}}