{"id":1881,"date":"2024-03-18T19:18:58","date_gmt":"2024-03-18T18:18:58","guid":{"rendered":"https:\/\/statensmusikverk.se\/?page_id=1881"},"modified":"2024-10-23T10:32:56","modified_gmt":"2024-10-23T08:32:56","slug":"text","status":"publish","type":"page","link":"https:\/\/statensmusikverk.se\/fi\/","title":{"rendered":"Statens musikverk"},"content":{"rendered":"\n\n<div class=\"w-constrained richtext\"><external-link-icon>\n<h2 class=\"wp-block-heading\">Statens musikverk \/ Valtion musiikkiviraston kokoonpano<\/h2>\n<\/external-link-icon><\/div>\n\n<div class=\"w-constrained richtext\"><external-link-icon>\n<p>Statens musikverk kuuluu viisi toimijaa. Alla voit lukea lis\u00e4\u00e4 toimijoiden ty\u00f6st\u00e4 ja vastuualueista.<\/p>\n<\/external-link-icon><\/div>\n\n<div class=\"grid gap-7 w-constrained-xl mx-auto my-10 md:my-20  lg:grid-cols-3 sm:grid-cols-2 grid-cols-1 \">\n\t  <div class=\"group mb-4 md:mb-0 \">\n <clickable-area>\n <div class=\"w-full  md:h-[21.25rem] h-[15.563rem] overflow-hidden\">\n <img decoding=\"async\" src=\"https:\/\/statensmusikverk.se\/wp-content\/uploads\/2024\/04\/caprice-music-logotyp-puffbild.png\"\n alt=\"Caprice Music logotyp\"\n class=\"w-full object-cover  md:h-[21.25rem] h-[15.563rem] \">\n <\/div>\n <div class=\"pt-2\">\n <h2 class=\"mb-2  decoration-2 font-heading-font font-weight-heading text-large-display-text leading-large-display-text\">\n  Caprice Music\n  <\/h2>\n  <p class=\"mb-1 font-light font-text-font text-medium-display-text leading-medium-display-text\"\n >Caprice Music julkaisee taiteellisesti kiinnostavaa musiikkia, jolla on yhteys kulttuuriperint&ouml;&ouml;n, muun muassa klassista musiikkia ja nykymusiikkia, elektroakustista musiikkia, jazzia, kansanmusiikkia ja maailmanmusiikkia.<\/p>\n  <\/div>\n <\/clickable-area>\n <\/div>\n  <div class=\"group mb-4 md:mb-0 \">\n <clickable-area>\n <div class=\"w-full  md:h-[21.25rem] h-[15.563rem] overflow-hidden\">\n <img decoding=\"async\" src=\"https:\/\/statensmusikverk.se\/wp-content\/uploads\/2024\/04\/EMS-logotyp-puffbild.png\"\n alt=\"Elektronmusikstudion EMS logotyp\"\n class=\"w-full object-cover  md:h-[21.25rem] h-[15.563rem] \">\n <\/div>\n <div class=\"pt-2\">\n <h2 class=\"mb-2  decoration-2 font-heading-font font-weight-heading text-large-display-text leading-large-display-text\">\n  Elektronmusikstudion EMS \/ Elektronimusiikkistudio EMS\n  <\/h2>\n  <p class=\"mb-1 font-light font-text-font text-medium-display-text leading-medium-display-text\"\n >Elektronmusikstudion on elektroakustisen musiikin ja &auml;&auml;nitaiteen kansallinen keskus. EMS tarjoaa studioita ja koulutuksia ruotsalaisille ja kansainv&auml;lisille taiteilijoille ja vieraileville s&auml;velt&auml;jille.<\/p>\n  <\/div>\n <\/clickable-area>\n <\/div>\n  <div class=\"group mb-4 md:mb-0 \">\n <clickable-area>\n <div class=\"w-full  md:h-[21.25rem] h-[15.563rem] overflow-hidden\">\n <img decoding=\"async\" src=\"https:\/\/statensmusikverk.se\/wp-content\/uploads\/2024\/04\/musik-och-teaterbiblioteket-logotyp-puffbild.png\"\n alt=\"Musik- och teaterbiblioteket logotyp\"\n class=\"w-full object-cover  md:h-[21.25rem] h-[15.563rem] \">\n <\/div>\n <div class=\"pt-2\">\n <h2 class=\"mb-2  decoration-2 font-heading-font font-weight-heading text-large-display-text leading-large-display-text\">\n  Musik- och teaterbiblioteket \/ Musiikki- ja teatterikirjasto\n  <\/h2>\n  <p class=\"mb-1 font-light font-text-font text-medium-display-text leading-medium-display-text\"\n >Musik- och teaterbiblioteket on koko Ruotsin musiikin, teatterin ja tanssin erikoiskirjasto. T&auml;&auml;ll&auml; on ladattavia nuotteja, n&auml;ytelm&auml;k&auml;sikirjoituksia, kirjallisuutta ja ainutlaatuista arkistomateriaalia 1100-luvulta l&auml;htien.<\/p>\n  <\/div>\n <\/clickable-area>\n <\/div>\n  <div class=\"group mb-4 md:mb-0 \">\n <clickable-area>\n <div class=\"w-full  md:h-[21.25rem] h-[15.563rem] overflow-hidden\">\n <img decoding=\"async\" src=\"https:\/\/statensmusikverk.se\/wp-content\/uploads\/2024\/04\/scenkonstmuseet-logotyp-puffbild.png\"\n alt=\"Scenkonstmuseet logotyp\"\n class=\"w-full object-cover  md:h-[21.25rem] h-[15.563rem] \">\n <\/div>\n <div class=\"pt-2\">\n <h2 class=\"mb-2  decoration-2 font-heading-font font-weight-heading text-large-display-text leading-large-display-text\">\n  Scenkonstmuseet \/ N&auml;ytt&auml;m&ouml;taiteen museo\n  <\/h2>\n  <p class=\"mb-1 font-light font-text-font text-medium-display-text leading-medium-display-text\"\n >Scenkonstmuseet on valtiollinen musiikin, teatterin ja tanssin museo. T&auml;&auml;ll&auml; p&auml;&auml;set l&auml;helle taidetta, kohtaat ihmisi&auml;, jotka luovat sit&auml; sek&auml; n&auml;et k&auml;sity&ouml;n sen takana. Lis&auml;ksi saat kokeilla itse! Museon suurta kokoelmaa on rakennettu jo yli 100 vuoden ajan.<\/p>\n  <\/div>\n <\/clickable-area>\n <\/div>\n  <div class=\"group mb-4 md:mb-0 \">\n <clickable-area>\n <div class=\"w-full  md:h-[21.25rem] h-[15.563rem] overflow-hidden\">\n <img decoding=\"async\" src=\"https:\/\/statensmusikverk.se\/wp-content\/uploads\/2024\/04\/svenskt-visarkiv-logotyp-puffbild.png\"\n alt=\"Svenskt visarkiv logotyp\"\n class=\"w-full object-cover  md:h-[21.25rem] h-[15.563rem] \">\n <\/div>\n <div class=\"pt-2\">\n <h2 class=\"mb-2  decoration-2 font-heading-font font-weight-heading text-large-display-text leading-large-display-text\">\n  Svenskt visarkiv \/ Ruotsin lauluarkisto\n  <\/h2>\n  <p class=\"mb-1 font-light font-text-font text-medium-display-text leading-medium-display-text\"\n >Svenskt visarkiv s&auml;ilytt&auml;&auml;, kokoaa, tutkii ja julkaisee kansanmusiikkia, lauluja, vanhempaa popul&auml;&auml;rimusiikkia, jazzia ja vanhoja tansseja osana ruotsalaista kulttuuriperint&ouml;&auml;. Tutkimusarkisto on avoin kaikille.<\/p>\n  <\/div>\n <\/clickable-area>\n <\/div>\n \t<\/div>\n\n\n<div class=\"w-constrained richtext\"><external-link-icon>\n<h2 class=\"wp-block-heading\">N\u00e4in Statens musikverk johdetaan<\/h2>\n<\/external-link-icon><\/div>\n\n<div class=\"w-constrained richtext\"><external-link-icon>\n<p>Statens musikverk johtaa hallituksen nime\u00e4m\u00e4 p\u00e4\u00e4johtaja. Apunaan p\u00e4\u00e4johtajalla on johtoryhm\u00e4 ja valvontaneuvosto.<\/p>\n<\/external-link-icon><\/div>\n\n<div class=\"w-constrained richtext\"><external-link-icon>\n<h3 class=\"wp-block-heading\">Valvontaneuvosto<\/h3>\n<\/external-link-icon><\/div>\n\n<div class=\"w-constrained richtext\"><external-link-icon>\n<p>Valvontaneuvoston teht\u00e4v\u00e4n\u00e4 on tarjota tietoa ja osaamista ja antaa neuvoja viranomaisp\u00e4\u00e4llik\u00f6lle. Valvontaneuvoston tulee my\u00f6s varmistaa demokraattisuus ja kansalaisvaikutus. Hallitus valitsee j\u00e4senet ja neuvosto tapaa tavallisesti nelj\u00e4 kertaa vuodessa.<\/p>\n<\/external-link-icon><\/div>\n\n<div class=\"w-constrained richtext\"><external-link-icon>\n<h3 class=\"wp-block-heading\">J\u00e4senet<\/h3>\n<\/external-link-icon><\/div>\n\n<div class=\"w-constrained richtext\"><external-link-icon>\n<p><strong>Dragana Kusoffsky Maksimovic<\/strong>, toiminnanjohtaja, Sven-Harryn taidemuseo<\/p>\n<\/external-link-icon><\/div>\n\n<div class=\"w-constrained richtext\"><external-link-icon>\n<p><strong>Magnus Larsson<\/strong>, p\u00e4\u00e4johtaja, Myndigheten f\u00f6r tillg\u00e4ngliga medier<\/p>\n<\/external-link-icon><\/div>\n\n<div class=\"w-constrained richtext\"><external-link-icon>\n<p><strong>Nadja Chatti<\/strong>, musiikkikustantaja ja klubituottaja, Universal Music Publishing Group<\/p>\n<\/external-link-icon><\/div>\n\n<div class=\"w-constrained richtext\"><external-link-icon>\n<p><strong>Lars Ilshammar<\/strong>, historioitsija, IT-keskustelija, journalisti, Kuninkaallisen kirjaston entinen apulaiskirjastonjohtaja<\/p>\n<\/external-link-icon><\/div>\n\n<div class=\"w-constrained richtext\"><external-link-icon>\n<h2 class=\"wp-block-heading\">Asetus ja ohjeet<\/h2>\n<\/external-link-icon><\/div>\n\n<div class=\"w-constrained richtext\"><external-link-icon>\n<p>Statens musikverk kuuluu kulttuuriministeri\u00f6n alaisuuteen. Viranomaisen yleisteht\u00e4v\u00e4 ja vastuualue on m\u00e4\u00e4ritetty niin kutsututussa asetuksessa hallitukselta saatujen ohjeiden pohjalta (ruotsiksi).<\/p>\n<\/external-link-icon><\/div>\n\n<ul class=\"my-6 w-constrained\">\n\t   <li id=\"801\" class=\"flex mb-4\">\n  <svg xmlns=\"http:\/\/www.w3.org\/2000\/svg\" viewBox=\"0 0 512 512\" class=\"w-6 mr-2\" aria-hidden=\"true\">\n\t<path d=\"M64 480l48 0 0 32-48 0c-35.3 0-64-28.7-64-64L0 64C0 28.7 28.7 0 64 0L220.1 0c12.7 0 24.9 5.1 33.9 14.1L369.9 129.9c9 9 14.1 21.2 14.1 33.9L384 304l-32 0 0-112-112 0c-26.5 0-48-21.5-48-48l0-112L64 32C46.3 32 32 46.3 32 64l0 384c0 17.7 14.3 32 32 32zM351.5 160c-.7-2.8-2.1-5.4-4.2-7.4L231.4 36.7c-2.1-2.1-4.6-3.5-7.4-4.2L224 144c0 8.8 7.2 16 16 16l111.5 0zM176 352l32 0c30.9 0 56 25.1 56 56s-25.1 56-56 56l-16 0 0 32c0 8.8-7.2 16-16 16s-16-7.2-16-16l0-48 0-80c0-8.8 7.2-16 16-16zm32 80c13.3 0 24-10.7 24-24s-10.7-24-24-24l-16 0 0 48 16 0zm96-80l32 0c26.5 0 48 21.5 48 48l0 64c0 26.5-21.5 48-48 48l-32 0c-8.8 0-16-7.2-16-16l0-128c0-8.8 7.2-16 16-16zm32 128c8.8 0 16-7.2 16-16l0-64c0-8.8-7.2-16-16-16l-16 0 0 96 16 0zm80-112c0-8.8 7.2-16 16-16l48 0c8.8 0 16 7.2 16 16s-7.2 16-16 16l-32 0 0 32 32 0c8.8 0 16 7.2 16 16s-7.2 16-16 16l-32 0 0 48c0 8.8-7.2 16-16 16s-16-7.2-16-16l0-64 0-64z\"\/>\n<\/svg>\n  <a href=\"https:\/\/statensmusikverk.se\/wp-content\/uploads\/2024\/04\/Instruktion-Statens-musikverk.pdf\" class=\"underline hover:bg-footer-bg\">Instruktion fr&aring;n regeringen Statens musikverk 2022 (PDF)<\/a>\n <\/li>\n\t<\/ul>\n\n\n<div class=\"w-constrained richtext\"><external-link-icon>\n<h2 class=\"wp-block-heading\">S\u00e4\u00e4ntelykirje<\/h2>\n<\/external-link-icon><\/div>\n\n<div class=\"w-constrained richtext\"><external-link-icon>\n<p>Statens musikverk saa aina vuoden lopussa hallitukselta s\u00e4\u00e4ntelykirjeen, joka muun muassa sis\u00e4lt\u00e4\u00e4 tavoitteet ja tulosvaatimukset sek\u00e4 viranomaisen m\u00e4\u00e4r\u00e4rahat tulevalle vuodelle (ruotsiksi).<\/p>\n<\/external-link-icon><\/div>\n\n<ul class=\"my-6 w-constrained\">\n\t   <li id=\"808\" class=\"flex mb-4\">\n  <svg xmlns=\"http:\/\/www.w3.org\/2000\/svg\" viewBox=\"0 0 512 512\" class=\"w-6 mr-2\" aria-hidden=\"true\">\n\t<path d=\"M64 480l48 0 0 32-48 0c-35.3 0-64-28.7-64-64L0 64C0 28.7 28.7 0 64 0L220.1 0c12.7 0 24.9 5.1 33.9 14.1L369.9 129.9c9 9 14.1 21.2 14.1 33.9L384 304l-32 0 0-112-112 0c-26.5 0-48-21.5-48-48l0-112L64 32C46.3 32 32 46.3 32 64l0 384c0 17.7 14.3 32 32 32zM351.5 160c-.7-2.8-2.1-5.4-4.2-7.4L231.4 36.7c-2.1-2.1-4.6-3.5-7.4-4.2L224 144c0 8.8 7.2 16 16 16l111.5 0zM176 352l32 0c30.9 0 56 25.1 56 56s-25.1 56-56 56l-16 0 0 32c0 8.8-7.2 16-16 16s-16-7.2-16-16l0-48 0-80c0-8.8 7.2-16 16-16zm32 80c13.3 0 24-10.7 24-24s-10.7-24-24-24l-16 0 0 48 16 0zm96-80l32 0c26.5 0 48 21.5 48 48l0 64c0 26.5-21.5 48-48 48l-32 0c-8.8 0-16-7.2-16-16l0-128c0-8.8 7.2-16 16-16zm32 128c8.8 0 16-7.2 16-16l0-64c0-8.8-7.2-16-16-16l-16 0 0 96 16 0zm80-112c0-8.8 7.2-16 16-16l48 0c8.8 0 16 7.2 16 16s-7.2 16-16 16l-32 0 0 32 32 0c8.8 0 16 7.2 16 16s-7.2 16-16 16l-32 0 0 48c0 8.8-7.2 16-16 16s-16-7.2-16-16l0-64 0-64z\"\/>\n<\/svg>\n  <a href=\"https:\/\/statensmusikverk.se\/wp-content\/uploads\/2024\/04\/Regleringsbrev-Statens-musikverk-2023.pdf\" class=\"underline hover:bg-footer-bg\">Regleringsbrev Statens musikverk 2023 (PDF)<\/a>\n <\/li>\n\t<\/ul>\n\n\n<div class=\"w-constrained richtext\"><external-link-icon>\n<h2 class=\"wp-block-heading\">Vuosikertomus<\/h2>\n<\/external-link-icon><\/div>\n\n<div class=\"w-constrained richtext\"><external-link-icon>\n<p>T\u00e4\u00e4ll\u00e4 voit lukea Statens musikverk viimeisimm\u00e4n vuosikertomuksen (ruotsiksi).<\/p>\n<\/external-link-icon><\/div>\n\n<ul class=\"my-6 w-constrained\">\n\t   <li id=\"724\" class=\"flex mb-4\">\n  <svg xmlns=\"http:\/\/www.w3.org\/2000\/svg\" viewBox=\"0 0 512 512\" class=\"w-6 mr-2\" aria-hidden=\"true\">\n\t<path d=\"M64 480l48 0 0 32-48 0c-35.3 0-64-28.7-64-64L0 64C0 28.7 28.7 0 64 0L220.1 0c12.7 0 24.9 5.1 33.9 14.1L369.9 129.9c9 9 14.1 21.2 14.1 33.9L384 304l-32 0 0-112-112 0c-26.5 0-48-21.5-48-48l0-112L64 32C46.3 32 32 46.3 32 64l0 384c0 17.7 14.3 32 32 32zM351.5 160c-.7-2.8-2.1-5.4-4.2-7.4L231.4 36.7c-2.1-2.1-4.6-3.5-7.4-4.2L224 144c0 8.8 7.2 16 16 16l111.5 0zM176 352l32 0c30.9 0 56 25.1 56 56s-25.1 56-56 56l-16 0 0 32c0 8.8-7.2 16-16 16s-16-7.2-16-16l0-48 0-80c0-8.8 7.2-16 16-16zm32 80c13.3 0 24-10.7 24-24s-10.7-24-24-24l-16 0 0 48 16 0zm96-80l32 0c26.5 0 48 21.5 48 48l0 64c0 26.5-21.5 48-48 48l-32 0c-8.8 0-16-7.2-16-16l0-128c0-8.8 7.2-16 16-16zm32 128c8.8 0 16-7.2 16-16l0-64c0-8.8-7.2-16-16-16l-16 0 0 96 16 0zm80-112c0-8.8 7.2-16 16-16l48 0c8.8 0 16 7.2 16 16s-7.2 16-16 16l-32 0 0 32 32 0c8.8 0 16 7.2 16 16s-7.2 16-16 16l-32 0 0 48c0 8.8-7.2 16-16 16s-16-7.2-16-16l0-64 0-64z\"\/>\n<\/svg>\n  <a href=\"https:\/\/statensmusikverk.se\/wp-content\/uploads\/2024\/04\/Statens-musikverk-arsredovisning-2023.pdf\" class=\"underline hover:bg-footer-bg\">Statens musikverk &aring;rsredovisning 2023 (PDF)<\/a>\n <\/li>\n\t<\/ul>\n\n\n<div class=\"w-constrained richtext\"><external-link-icon>\n<h2 class=\"wp-block-heading\">Lausunnot<\/h2>\n<\/external-link-icon><\/div>\n\n<div class=\"w-constrained richtext\"><external-link-icon>\n<p><a href=\"https:\/\/statensmusikverk.se\/om-statens-musikverk\/remissvar\/\">T\u00e4\u00e4ll\u00e4 n\u00e4et viimeisimm\u00e4t lausuntomme (ruotsiksi).<\/a><\/p>\n<\/external-link-icon><\/div>\n\n<div class=\"w-constrained richtext\"><external-link-icon>\n<h2 class=\"wp-block-heading\">Historiikki<\/h2>\n<\/external-link-icon><\/div>\n\n<div class=\"w-constrained richtext\"><external-link-icon>\n<p>Valtion musiikkivirasto perustettiin vuonna 2011. Vuosina 2011\u20132021 Musiikkivirasto jakoi avustuksia ruotsalaiselle vapaalle musiikkiel\u00e4m\u00e4lle Musikplattformen-osaston kautta. Jos haluat lis\u00e4tietoa musiikkiel\u00e4m\u00e4n avustuksista, ota yhteytt\u00e4 <a href=\"https:\/\/www.kulturradet.se\/\">Kulttuurineuvostoon<\/a>.<\/p>\n<\/external-link-icon><\/div>","protected":false},"excerpt":{"rendered":"<p>Statens musikverk \/ Valtion musiikkiviraston kokoonpano Statens musikverk kuuluu viisi toimijaa. Alla voit lukea lis\u00e4\u00e4 toimijoiden ty\u00f6st\u00e4 ja vastuualueista. N\u00e4in Statens musikverk johdetaan Statens musikverk johtaa hallituksen nime\u00e4m\u00e4 p\u00e4\u00e4johtaja. Apunaan p\u00e4\u00e4johtajalla on johtoryhm\u00e4 ja valvontaneuvosto. Valvontaneuvosto Valvontaneuvoston teht\u00e4v\u00e4n\u00e4 on tarjota tietoa ja osaamista ja antaa neuvoja viranomaisp\u00e4\u00e4llik\u00f6lle. Valvontaneuvoston tulee my\u00f6s varmistaa demokraattisuus ja kansalaisvaikutus. Hallitus [&hellip;]<\/p>\n","protected":false},"author":2,"featured_media":0,"parent":0,"menu_order":-100,"comment_status":"closed","ping_status":"closed","template":"","meta":{"_acf_changed":false,"footnotes":""},"class_list":["post-1881","page","type-page","status-publish","hentry"],"acf":[],"yoast_head":"<!-- This site is optimized with the Yoast SEO plugin v25.8 - https:\/\/yoast.com\/wordpress\/plugins\/seo\/ -->\n<title>Statens musikverk - Statens Musikverk<\/title>\n<meta name=\"robots\" content=\"index, follow, max-snippet:-1, max-image-preview:large, max-video-preview:-1\" \/>\n<link rel=\"canonical\" href=\"https:\/\/statensmusikverk.se\/\" \/>\n<meta property=\"og:locale\" content=\"fi_FI\" \/>\n<meta property=\"og:type\" content=\"article\" \/>\n<meta property=\"og:title\" content=\"Statens musikverk - Statens Musikverk\" \/>\n<meta property=\"og:description\" content=\"Statens musikverk \/ Valtion musiikkiviraston kokoonpano Statens musikverk kuuluu viisi toimijaa. Alla voit lukea lis\u00e4\u00e4 toimijoiden ty\u00f6st\u00e4 ja vastuualueista. N\u00e4in Statens musikverk johdetaan Statens musikverk johtaa hallituksen nime\u00e4m\u00e4 p\u00e4\u00e4johtaja. Apunaan p\u00e4\u00e4johtajalla on johtoryhm\u00e4 ja valvontaneuvosto. Valvontaneuvosto Valvontaneuvoston teht\u00e4v\u00e4n\u00e4 on tarjota tietoa ja osaamista ja antaa neuvoja viranomaisp\u00e4\u00e4llik\u00f6lle. Valvontaneuvoston tulee my\u00f6s varmistaa demokraattisuus ja kansalaisvaikutus. Hallitus [&hellip;]\" \/>\n<meta property=\"og:url\" content=\"https:\/\/statensmusikverk.se\/\" \/>\n<meta property=\"og:site_name\" content=\"Statens Musikverk\" \/>\n<meta property=\"article:modified_time\" content=\"2024-10-23T08:32:56+00:00\" \/>\n<meta name=\"twitter:card\" content=\"summary_large_image\" \/>\n<meta name=\"twitter:label1\" content=\"Est. reading time\" \/>\n\t<meta name=\"twitter:data1\" content=\"1 minute\" \/>\n<script type=\"application\/ld+json\" class=\"yoast-schema-graph\">{\"@context\":\"https:\/\/schema.org\",\"@graph\":[{\"@type\":\"WebPage\",\"@id\":\"https:\/\/statensmusikverk.se\/\",\"url\":\"https:\/\/statensmusikverk.se\/\",\"name\":\"Statens musikverk - Statens Musikverk\",\"isPartOf\":{\"@id\":\"https:\/\/statensmusikverk.se\/#website\"},\"datePublished\":\"2024-03-18T18:18:58+00:00\",\"dateModified\":\"2024-10-23T08:32:56+00:00\",\"breadcrumb\":{\"@id\":\"https:\/\/statensmusikverk.se\/#breadcrumb\"},\"inLanguage\":\"fi\",\"potentialAction\":[{\"@type\":\"ReadAction\",\"target\":[\"https:\/\/statensmusikverk.se\/\"]}]},{\"@type\":\"BreadcrumbList\",\"@id\":\"https:\/\/statensmusikverk.se\/#breadcrumb\",\"itemListElement\":[{\"@type\":\"ListItem\",\"position\":1,\"name\":\"Home\",\"item\":\"https:\/\/statensmusikverk.se\/\"},{\"@type\":\"ListItem\",\"position\":2,\"name\":\"Statens musikverk\"}]},{\"@type\":\"WebSite\",\"@id\":\"https:\/\/statensmusikverk.se\/#website\",\"url\":\"https:\/\/statensmusikverk.se\/\",\"name\":\"Statens Musikverk\",\"description\":\"\",\"potentialAction\":[{\"@type\":\"SearchAction\",\"target\":{\"@type\":\"EntryPoint\",\"urlTemplate\":\"https:\/\/statensmusikverk.se\/?s={search_term_string}\"},\"query-input\":{\"@type\":\"PropertyValueSpecification\",\"valueRequired\":true,\"valueName\":\"search_term_string\"}}],\"inLanguage\":\"fi\"}]}<\/script>\n<!-- \/ Yoast SEO plugin. -->","yoast_head_json":{"title":"Statens musikverk - Statens Musikverk","robots":{"index":"index","follow":"follow","max-snippet":"max-snippet:-1","max-image-preview":"max-image-preview:large","max-video-preview":"max-video-preview:-1"},"canonical":"https:\/\/statensmusikverk.se\/","og_locale":"fi_FI","og_type":"article","og_title":"Statens musikverk - Statens Musikverk","og_description":"Statens musikverk \/ Valtion musiikkiviraston kokoonpano Statens musikverk kuuluu viisi toimijaa. Alla voit lukea lis\u00e4\u00e4 toimijoiden ty\u00f6st\u00e4 ja vastuualueista. N\u00e4in Statens musikverk johdetaan Statens musikverk johtaa hallituksen nime\u00e4m\u00e4 p\u00e4\u00e4johtaja. Apunaan p\u00e4\u00e4johtajalla on johtoryhm\u00e4 ja valvontaneuvosto. Valvontaneuvosto Valvontaneuvoston teht\u00e4v\u00e4n\u00e4 on tarjota tietoa ja osaamista ja antaa neuvoja viranomaisp\u00e4\u00e4llik\u00f6lle. Valvontaneuvoston tulee my\u00f6s varmistaa demokraattisuus ja kansalaisvaikutus. Hallitus [&hellip;]","og_url":"https:\/\/statensmusikverk.se\/","og_site_name":"Statens Musikverk","article_modified_time":"2024-10-23T08:32:56+00:00","twitter_card":"summary_large_image","twitter_misc":{"Est. reading time":"1 minute"},"schema":{"@context":"https:\/\/schema.org","@graph":[{"@type":"WebPage","@id":"https:\/\/statensmusikverk.se\/","url":"https:\/\/statensmusikverk.se\/","name":"Statens musikverk - Statens Musikverk","isPartOf":{"@id":"https:\/\/statensmusikverk.se\/#website"},"datePublished":"2024-03-18T18:18:58+00:00","dateModified":"2024-10-23T08:32:56+00:00","breadcrumb":{"@id":"https:\/\/statensmusikverk.se\/#breadcrumb"},"inLanguage":"fi","potentialAction":[{"@type":"ReadAction","target":["https:\/\/statensmusikverk.se\/"]}]},{"@type":"BreadcrumbList","@id":"https:\/\/statensmusikverk.se\/#breadcrumb","itemListElement":[{"@type":"ListItem","position":1,"name":"Home","item":"https:\/\/statensmusikverk.se\/"},{"@type":"ListItem","position":2,"name":"Statens musikverk"}]},{"@type":"WebSite","@id":"https:\/\/statensmusikverk.se\/#website","url":"https:\/\/statensmusikverk.se\/","name":"Statens Musikverk","description":"","potentialAction":[{"@type":"SearchAction","target":{"@type":"EntryPoint","urlTemplate":"https:\/\/statensmusikverk.se\/?s={search_term_string}"},"query-input":{"@type":"PropertyValueSpecification","valueRequired":true,"valueName":"search_term_string"}}],"inLanguage":"fi"}]}},"_links":{"self":[{"href":"https:\/\/statensmusikverk.se\/fi\/wp-json\/wp\/v2\/pages\/1881","targetHints":{"allow":["GET"]}}],"collection":[{"href":"https:\/\/statensmusikverk.se\/fi\/wp-json\/wp\/v2\/pages"}],"about":[{"href":"https:\/\/statensmusikverk.se\/fi\/wp-json\/wp\/v2\/types\/page"}],"author":[{"embeddable":true,"href":"https:\/\/statensmusikverk.se\/fi\/wp-json\/wp\/v2\/users\/2"}],"replies":[{"embeddable":true,"href":"https:\/\/statensmusikverk.se\/fi\/wp-json\/wp\/v2\/comments?post=1881"}],"version-history":[{"count":5,"href":"https:\/\/statensmusikverk.se\/fi\/wp-json\/wp\/v2\/pages\/1881\/revisions"}],"predecessor-version":[{"id":1972,"href":"https:\/\/statensmusikverk.se\/fi\/wp-json\/wp\/v2\/pages\/1881\/revisions\/1972"}],"wp:attachment":[{"href":"https:\/\/statensmusikverk.se\/fi\/wp-json\/wp\/v2\/media?parent=1881"}],"curies":[{"name":"wp","href":"https:\/\/api.w.org\/{rel}","templated":true}]}}